{"id":25386,"date":"2025-05-30T15:36:09","date_gmt":"2025-05-30T15:36:09","guid":{"rendered":"https:\/\/slamaagricole.ma\/?post_type=product&#038;p=25386"},"modified":"2025-05-30T15:40:23","modified_gmt":"2025-05-30T15:40:23","slug":"amandes","status":"publish","type":"product","link":"https:\/\/slamaagricole.ma\/fr\/product\/amandes\/","title":{"rendered":"amandes"},"content":{"rendered":"","protected":false},"excerpt":{"rendered":"<p>Les amandes sont un type de fruit sec naturellement nutritif et b\u00e9n\u00e9fique. Elles sont extraites du noyau du fruit de l\u2019amandier apr\u00e8s avoir retir\u00e9 la coque dure, et se distinguent par leur forme ovale et leur go\u00fbt agr\u00e9able, ce qui les rend populaires aupr\u00e8s de nombreuses personnes. Les amandes peuvent \u00eatre consomm\u00e9es de diff\u00e9rentes mani\u00e8res : crues, grill\u00e9es ou ajout\u00e9es aux desserts et aux plats. Elles sont riches en nutriments tels que les graisses saines, les prot\u00e9ines, les fibres, la vitamine E et le magn\u00e9sium, ce qui les rend b\u00e9n\u00e9fiques pour la sant\u00e9 du c\u0153ur et du cerveau, tout en aidant \u00e0 renforcer le syst\u00e8me immunitaire et \u00e0 am\u00e9liorer la digestion.<\/p>\n","protected":false},"featured_media":25379,"comment_status":"open","ping_status":"closed","template":"","meta":{"om_disable_all_campaigns":false,"_monsterinsights_skip_tracking":false,"_monsterinsights_sitenote_active":false,"_monsterinsights_sitenote_note":"","_monsterinsights_sitenote_category":0,"iawp_total_views":112},"product_brand":[],"product_cat":[116,104],"product_tag":[],"location":[],"class_list":{"0":"post-25386","1":"product","2":"type-product","3":"status-publish","4":"has-post-thumbnail","6":"product_cat-toutes-les-categories","7":"product_cat-les-graines","8":"nt-post-class","9":"","15":"first","16":"instock","17":"shipping-taxable","18":"purchasable","19":"product-type-variable"},"_links":{"self":[{"href":"https:\/\/slamaagricole.ma\/fr\/wp-json\/wp\/v2\/product\/25386","targetHints":{"allow":["GET"]}}],"collection":[{"href":"https:\/\/slamaagricole.ma\/fr\/wp-json\/wp\/v2\/product"}],"about":[{"href":"https:\/\/slamaagricole.ma\/fr\/wp-json\/wp\/v2\/types\/product"}],"replies":[{"embeddable":true,"href":"https:\/\/slamaagricole.ma\/fr\/wp-json\/wp\/v2\/comments?post=25386"}],"version-history":[{"count":1,"href":"https:\/\/slamaagricole.ma\/fr\/wp-json\/wp\/v2\/product\/25386\/revisions"}],"predecessor-version":[{"id":25389,"href":"https:\/\/slamaagricole.ma\/fr\/wp-json\/wp\/v2\/product\/25386\/revisions\/25389"}],"wp:featuredmedia":[{"embeddable":true,"href":"https:\/\/slamaagricole.ma\/fr\/wp-json\/wp\/v2\/media\/25379"}],"wp:attachment":[{"href":"https:\/\/slamaagricole.ma\/fr\/wp-json\/wp\/v2\/media?parent=25386"}],"wp:term":[{"taxonomy":"product_brand","embeddable":true,"href":"https:\/\/slamaagricole.ma\/fr\/wp-json\/wp\/v2\/product_brand?post=25386"},{"taxonomy":"product_cat","embeddable":true,"href":"https:\/\/slamaagricole.ma\/fr\/wp-json\/wp\/v2\/product_cat?post=25386"},{"taxonomy":"product_tag","embeddable":true,"href":"https:\/\/slamaagricole.ma\/fr\/wp-json\/wp\/v2\/product_tag?post=25386"},{"taxonomy":"location","embeddable":true,"href":"https:\/\/slamaagricole.ma\/fr\/wp-json\/wp\/v2\/location?post=25386"}],"curies":[{"name":"wp","href":"https:\/\/api.w.org\/{rel}","templated":true}]}}