{"id":25251,"date":"2025-05-27T16:47:32","date_gmt":"2025-05-27T16:47:32","guid":{"rendered":"https:\/\/slamaagricole.ma\/?post_type=product&#038;p=25251"},"modified":"2025-05-27T16:48:55","modified_gmt":"2025-05-27T16:48:55","slug":"miel-multifleurs","status":"publish","type":"product","link":"https:\/\/slamaagricole.ma\/fr\/product\/miel-multifleurs\/","title":{"rendered":"Miel Multifleurs"},"content":{"rendered":"","protected":false},"excerpt":{"rendered":"<p>Le miel multifleurs est un miel naturel extrait du nectar d&#8217;une grande vari\u00e9t\u00e9 de plantes et d&#8217;herbes m\u00e9dicinales. Il se distingue par sa saveur riche et la diversit\u00e9 de ses propri\u00e9t\u00e9s th\u00e9rapeutiques, r\u00e9unissant les bienfaits de plusieurs plantes en un seul produit. Il est utilis\u00e9 pour renforcer le syst\u00e8me immunitaire, apaiser les nerfs et soulager les sympt\u00f4mes du rhume ainsi que les troubles digestifs.<\/p>\n","protected":false},"featured_media":25246,"comment_status":"open","ping_status":"closed","template":"","meta":{"om_disable_all_campaigns":false,"_monsterinsights_skip_tracking":false,"_monsterinsights_sitenote_active":false,"_monsterinsights_sitenote_note":"","_monsterinsights_sitenote_category":0,"iawp_total_views":7},"product_brand":[],"product_cat":[116,260],"product_tag":[341,331,345],"location":[],"class_list":{"0":"post-25251","1":"product","2":"type-product","3":"status-publish","4":"has-post-thumbnail","6":"product_cat-toutes-les-categories","7":"product_cat-miel","8":"product_tag-bee-fr","9":"product_tag-health-fr","10":"product_tag-honey-fr","11":"nt-post-class","12":"","18":"first","19":"instock","20":"shipping-taxable","21":"purchasable","22":"product-type-variable"},"_links":{"self":[{"href":"https:\/\/slamaagricole.ma\/fr\/wp-json\/wp\/v2\/product\/25251","targetHints":{"allow":["GET"]}}],"collection":[{"href":"https:\/\/slamaagricole.ma\/fr\/wp-json\/wp\/v2\/product"}],"about":[{"href":"https:\/\/slamaagricole.ma\/fr\/wp-json\/wp\/v2\/types\/product"}],"replies":[{"embeddable":true,"href":"https:\/\/slamaagricole.ma\/fr\/wp-json\/wp\/v2\/comments?post=25251"}],"version-history":[{"count":1,"href":"https:\/\/slamaagricole.ma\/fr\/wp-json\/wp\/v2\/product\/25251\/revisions"}],"predecessor-version":[{"id":25252,"href":"https:\/\/slamaagricole.ma\/fr\/wp-json\/wp\/v2\/product\/25251\/revisions\/25252"}],"wp:featuredmedia":[{"embeddable":true,"href":"https:\/\/slamaagricole.ma\/fr\/wp-json\/wp\/v2\/media\/25246"}],"wp:attachment":[{"href":"https:\/\/slamaagricole.ma\/fr\/wp-json\/wp\/v2\/media?parent=25251"}],"wp:term":[{"taxonomy":"product_brand","embeddable":true,"href":"https:\/\/slamaagricole.ma\/fr\/wp-json\/wp\/v2\/product_brand?post=25251"},{"taxonomy":"product_cat","embeddable":true,"href":"https:\/\/slamaagricole.ma\/fr\/wp-json\/wp\/v2\/product_cat?post=25251"},{"taxonomy":"product_tag","embeddable":true,"href":"https:\/\/slamaagricole.ma\/fr\/wp-json\/wp\/v2\/product_tag?post=25251"},{"taxonomy":"location","embeddable":true,"href":"https:\/\/slamaagricole.ma\/fr\/wp-json\/wp\/v2\/location?post=25251"}],"curies":[{"name":"wp","href":"https:\/\/api.w.org\/{rel}","templated":true}]}}