{"id":25140,"date":"2025-05-26T17:23:45","date_gmt":"2025-05-26T17:23:45","guid":{"rendered":"https:\/\/slamaagricole.ma\/?post_type=product&#038;p=25140"},"modified":"2025-05-26T17:31:50","modified_gmt":"2025-05-26T17:31:50","slug":"tegument-de-psyllium","status":"publish","type":"product","link":"https:\/\/slamaagricole.ma\/fr\/product\/tegument-de-psyllium\/","title":{"rendered":"T\u00e9gument de psyllium"},"content":{"rendered":"","protected":false},"excerpt":{"rendered":"<p>Le t\u00e9gument de psyllium est une fibre naturelle soluble extraite des enveloppes des graines de la plante de psyllium. C\u2019est un choix id\u00e9al pour soutenir la sant\u00e9 digestive. Il aide \u00e0 r\u00e9guler la digestion, \u00e0 soulager la constipation, et \u00e0 r\u00e9duire les niveaux de cholest\u00e9rol et de sucre dans le sang. Largement utilis\u00e9 dans les r\u00e9gimes alimentaires sains et les programmes de gestion du poids, le psyllium est reconnu pour favoriser la sensation de sati\u00e9t\u00e9 et contribuer au contr\u00f4le du poids.<\/p>\n","protected":false},"featured_media":25138,"comment_status":"open","ping_status":"closed","template":"","meta":{"om_disable_all_campaigns":false,"_monsterinsights_skip_tracking":false,"_monsterinsights_sitenote_active":false,"_monsterinsights_sitenote_note":"","_monsterinsights_sitenote_category":0,"iawp_total_views":85},"product_brand":[],"product_cat":[116,104],"product_tag":[331],"location":[],"class_list":{"0":"post-25140","1":"product","2":"type-product","3":"status-publish","4":"has-post-thumbnail","6":"product_cat-toutes-les-categories","7":"product_cat-les-graines","8":"product_tag-health-fr","9":"nt-post-class","10":"","16":"first","17":"instock","18":"shipping-taxable","19":"purchasable","20":"product-type-variable","21":"has-default-attributes"},"_links":{"self":[{"href":"https:\/\/slamaagricole.ma\/fr\/wp-json\/wp\/v2\/product\/25140","targetHints":{"allow":["GET"]}}],"collection":[{"href":"https:\/\/slamaagricole.ma\/fr\/wp-json\/wp\/v2\/product"}],"about":[{"href":"https:\/\/slamaagricole.ma\/fr\/wp-json\/wp\/v2\/types\/product"}],"replies":[{"embeddable":true,"href":"https:\/\/slamaagricole.ma\/fr\/wp-json\/wp\/v2\/comments?post=25140"}],"version-history":[{"count":1,"href":"https:\/\/slamaagricole.ma\/fr\/wp-json\/wp\/v2\/product\/25140\/revisions"}],"predecessor-version":[{"id":25141,"href":"https:\/\/slamaagricole.ma\/fr\/wp-json\/wp\/v2\/product\/25140\/revisions\/25141"}],"wp:featuredmedia":[{"embeddable":true,"href":"https:\/\/slamaagricole.ma\/fr\/wp-json\/wp\/v2\/media\/25138"}],"wp:attachment":[{"href":"https:\/\/slamaagricole.ma\/fr\/wp-json\/wp\/v2\/media?parent=25140"}],"wp:term":[{"taxonomy":"product_brand","embeddable":true,"href":"https:\/\/slamaagricole.ma\/fr\/wp-json\/wp\/v2\/product_brand?post=25140"},{"taxonomy":"product_cat","embeddable":true,"href":"https:\/\/slamaagricole.ma\/fr\/wp-json\/wp\/v2\/product_cat?post=25140"},{"taxonomy":"product_tag","embeddable":true,"href":"https:\/\/slamaagricole.ma\/fr\/wp-json\/wp\/v2\/product_tag?post=25140"},{"taxonomy":"location","embeddable":true,"href":"https:\/\/slamaagricole.ma\/fr\/wp-json\/wp\/v2\/location?post=25140"}],"curies":[{"name":"wp","href":"https:\/\/api.w.org\/{rel}","templated":true}]}}