{"id":24106,"date":"2025-02-28T12:22:23","date_gmt":"2025-02-28T12:22:23","guid":{"rendered":"https:\/\/slamaagricole.ma\/?post_type=product&#038;p=24106"},"modified":"2025-05-25T16:20:49","modified_gmt":"2025-05-25T16:20:49","slug":"la-soupe-complete","status":"publish","type":"product","link":"https:\/\/slamaagricole.ma\/fr\/product\/la-soupe-complete\/","title":{"rendered":"La soupe compl\u00e8te"},"content":{"rendered":"","protected":false},"excerpt":{"rendered":"<p>L&#8217;\u00e9quipe de slama vous apporte toujours nouveaut\u00e9s en produits naturels de haute qualit\u00e9, pr\u00e9par\u00e9s directement du champ du fermier jusqu&#8217;\u00e0 vous. C&#8217;est pourquoi nous avons pr\u00e9par\u00e9 un nouveau produit pour vous et votre famille \u2013 un produit sain et 100% naturel, facile \u00e0 pr\u00e9parer et adapt\u00e9 \u00e0 tous les repas, que ce soit pour le petit-d\u00e9jeuner ou le d\u00eener.<\/p>\n<p>Une soupe compl\u00e8te compos\u00e9e de 8 grains fins (bl\u00e9, orge, ma\u00efs local, graine de lin, nigelle, anis\u00a0et\u00a0fenouil).<\/p>\n","protected":false},"featured_media":24982,"comment_status":"open","ping_status":"closed","template":"","meta":{"om_disable_all_campaigns":false,"_monsterinsights_skip_tracking":false,"_monsterinsights_sitenote_active":false,"_monsterinsights_sitenote_note":"","_monsterinsights_sitenote_category":0,"iawp_total_views":103},"product_brand":[],"product_cat":[116,102],"product_tag":[205,148],"location":[],"class_list":{"0":"post-24106","1":"product","2":"type-product","3":"status-publish","4":"has-post-thumbnail","6":"product_cat-toutes-les-categories","7":"product_cat-belboula-soupe","8":"product_tag-belboula-fr","9":"product_tag-slama-fr","10":"nt-post-class","11":"","17":"first","18":"instock","19":"shipping-taxable","20":"purchasable","21":"product-type-variable","22":"has-default-attributes"},"_links":{"self":[{"href":"https:\/\/slamaagricole.ma\/fr\/wp-json\/wp\/v2\/product\/24106","targetHints":{"allow":["GET"]}}],"collection":[{"href":"https:\/\/slamaagricole.ma\/fr\/wp-json\/wp\/v2\/product"}],"about":[{"href":"https:\/\/slamaagricole.ma\/fr\/wp-json\/wp\/v2\/types\/product"}],"replies":[{"embeddable":true,"href":"https:\/\/slamaagricole.ma\/fr\/wp-json\/wp\/v2\/comments?post=24106"}],"version-history":[{"count":1,"href":"https:\/\/slamaagricole.ma\/fr\/wp-json\/wp\/v2\/product\/24106\/revisions"}],"predecessor-version":[{"id":24107,"href":"https:\/\/slamaagricole.ma\/fr\/wp-json\/wp\/v2\/product\/24106\/revisions\/24107"}],"wp:featuredmedia":[{"embeddable":true,"href":"https:\/\/slamaagricole.ma\/fr\/wp-json\/wp\/v2\/media\/24982"}],"wp:attachment":[{"href":"https:\/\/slamaagricole.ma\/fr\/wp-json\/wp\/v2\/media?parent=24106"}],"wp:term":[{"taxonomy":"product_brand","embeddable":true,"href":"https:\/\/slamaagricole.ma\/fr\/wp-json\/wp\/v2\/product_brand?post=24106"},{"taxonomy":"product_cat","embeddable":true,"href":"https:\/\/slamaagricole.ma\/fr\/wp-json\/wp\/v2\/product_cat?post=24106"},{"taxonomy":"product_tag","embeddable":true,"href":"https:\/\/slamaagricole.ma\/fr\/wp-json\/wp\/v2\/product_tag?post=24106"},{"taxonomy":"location","embeddable":true,"href":"https:\/\/slamaagricole.ma\/fr\/wp-json\/wp\/v2\/location?post=24106"}],"curies":[{"name":"wp","href":"https:\/\/api.w.org\/{rel}","templated":true}]}}