{"id":24095,"date":"2025-02-28T11:09:02","date_gmt":"2025-02-28T11:09:02","guid":{"rendered":"https:\/\/slamaagricole.ma\/?post_type=product&#038;p=24095"},"modified":"2025-05-26T13:21:54","modified_gmt":"2025-05-26T13:21:54","slug":"gofia_zemita_slama","status":"publish","type":"product","link":"https:\/\/slamaagricole.ma\/fr\/product\/gofia_zemita_slama\/","title":{"rendered":"Gofia"},"content":{"rendered":"","protected":false},"excerpt":{"rendered":"<p>Slama vous propose de la Gofia extraite de grains de ma\u00efs locaux, consid\u00e9r\u00e9e comme un choix id\u00e9al pour pr\u00e9parer une vari\u00e9t\u00e9 de plats savoureux. Elle se distingue par sa saveur croustillante et sa texture douce, ce qui la rend parfaite pour la bouillie, le pain et les p\u00e2tisseries.<\/p>\n<p>Gofia de ma\u00efs est une bonne source de glucides et de fibres, et elle est sans gluten, ce qui en fait un choix id\u00e9al pour les personnes souffrant d&#8217;intol\u00e9rance\u00a0au\u00a0gluten.<\/p>\n","protected":false},"featured_media":24994,"comment_status":"open","ping_status":"closed","template":"","meta":{"om_disable_all_campaigns":false,"_monsterinsights_skip_tracking":false,"_monsterinsights_sitenote_active":false,"_monsterinsights_sitenote_note":"","_monsterinsights_sitenote_category":0,"iawp_total_views":100},"product_brand":[],"product_cat":[116,101],"product_tag":[199,148,178],"location":[],"class_list":{"0":"post-24095","1":"product","2":"type-product","3":"status-publish","4":"has-post-thumbnail","6":"product_cat-toutes-les-categories","7":"product_cat-zemita-farines","8":"product_tag-gofia-fr","9":"product_tag-slama-fr","10":"product_tag-zemita-fr","11":"nt-post-class","12":"","18":"first","19":"instock","20":"shipping-taxable","21":"purchasable","22":"product-type-variable","23":"has-default-attributes"},"_links":{"self":[{"href":"https:\/\/slamaagricole.ma\/fr\/wp-json\/wp\/v2\/product\/24095","targetHints":{"allow":["GET"]}}],"collection":[{"href":"https:\/\/slamaagricole.ma\/fr\/wp-json\/wp\/v2\/product"}],"about":[{"href":"https:\/\/slamaagricole.ma\/fr\/wp-json\/wp\/v2\/types\/product"}],"replies":[{"embeddable":true,"href":"https:\/\/slamaagricole.ma\/fr\/wp-json\/wp\/v2\/comments?post=24095"}],"version-history":[{"count":2,"href":"https:\/\/slamaagricole.ma\/fr\/wp-json\/wp\/v2\/product\/24095\/revisions"}],"predecessor-version":[{"id":25003,"href":"https:\/\/slamaagricole.ma\/fr\/wp-json\/wp\/v2\/product\/24095\/revisions\/25003"}],"wp:featuredmedia":[{"embeddable":true,"href":"https:\/\/slamaagricole.ma\/fr\/wp-json\/wp\/v2\/media\/24994"}],"wp:attachment":[{"href":"https:\/\/slamaagricole.ma\/fr\/wp-json\/wp\/v2\/media?parent=24095"}],"wp:term":[{"taxonomy":"product_brand","embeddable":true,"href":"https:\/\/slamaagricole.ma\/fr\/wp-json\/wp\/v2\/product_brand?post=24095"},{"taxonomy":"product_cat","embeddable":true,"href":"https:\/\/slamaagricole.ma\/fr\/wp-json\/wp\/v2\/product_cat?post=24095"},{"taxonomy":"product_tag","embeddable":true,"href":"https:\/\/slamaagricole.ma\/fr\/wp-json\/wp\/v2\/product_tag?post=24095"},{"taxonomy":"location","embeddable":true,"href":"https:\/\/slamaagricole.ma\/fr\/wp-json\/wp\/v2\/location?post=24095"}],"curies":[{"name":"wp","href":"https:\/\/api.w.org\/{rel}","templated":true}]}}