{"id":24014,"date":"2025-02-27T12:37:31","date_gmt":"2025-02-27T12:37:31","guid":{"rendered":"https:\/\/slamaagricole.ma\/?post_type=product&#038;p=24014"},"modified":"2025-05-24T17:24:53","modified_gmt":"2025-05-24T17:24:53","slug":"piment-huile","status":"publish","type":"product","link":"https:\/\/slamaagricole.ma\/fr\/product\/piment-huile\/","title":{"rendered":"PIMENT HUILE"},"content":{"rendered":"","protected":false},"excerpt":{"rendered":"<p>PIMENT HUILE est une \u00e9pice marocaine utilis\u00e9e en cuisine pour ajouter une saveur riche et une couleur rouge aux plats. Elle est compos\u00e9e de poivron rouge s\u00e9ch\u00e9 et moulu, qui a un go\u00fbt doux. Ce type d&#8217;assaisonnement est ajout\u00e9 aux plats traditionnels tels que les tajines, les soupes et les sauces pour rehausser la saveur\u00a0et\u00a0la\u00a0couleur<\/p>\n","protected":false},"featured_media":24897,"comment_status":"open","ping_status":"closed","template":"","meta":{"om_disable_all_campaigns":false,"_monsterinsights_skip_tracking":false,"_monsterinsights_sitenote_active":false,"_monsterinsights_sitenote_note":"","_monsterinsights_sitenote_category":0,"iawp_total_views":25},"product_brand":[],"product_cat":[116,103],"product_tag":[148,147],"location":[],"class_list":{"0":"post-24014","1":"product","2":"type-product","3":"status-publish","4":"has-post-thumbnail","6":"product_cat-toutes-les-categories","7":"product_cat-epices","8":"product_tag-slama-fr","9":"product_tag-spice-fr","10":"nt-post-class","11":"","17":"first","18":"instock","19":"shipping-taxable","20":"purchasable","21":"product-type-variable","22":"has-default-attributes"},"_links":{"self":[{"href":"https:\/\/slamaagricole.ma\/fr\/wp-json\/wp\/v2\/product\/24014","targetHints":{"allow":["GET"]}}],"collection":[{"href":"https:\/\/slamaagricole.ma\/fr\/wp-json\/wp\/v2\/product"}],"about":[{"href":"https:\/\/slamaagricole.ma\/fr\/wp-json\/wp\/v2\/types\/product"}],"replies":[{"embeddable":true,"href":"https:\/\/slamaagricole.ma\/fr\/wp-json\/wp\/v2\/comments?post=24014"}],"version-history":[{"count":1,"href":"https:\/\/slamaagricole.ma\/fr\/wp-json\/wp\/v2\/product\/24014\/revisions"}],"predecessor-version":[{"id":24017,"href":"https:\/\/slamaagricole.ma\/fr\/wp-json\/wp\/v2\/product\/24014\/revisions\/24017"}],"wp:featuredmedia":[{"embeddable":true,"href":"https:\/\/slamaagricole.ma\/fr\/wp-json\/wp\/v2\/media\/24897"}],"wp:attachment":[{"href":"https:\/\/slamaagricole.ma\/fr\/wp-json\/wp\/v2\/media?parent=24014"}],"wp:term":[{"taxonomy":"product_brand","embeddable":true,"href":"https:\/\/slamaagricole.ma\/fr\/wp-json\/wp\/v2\/product_brand?post=24014"},{"taxonomy":"product_cat","embeddable":true,"href":"https:\/\/slamaagricole.ma\/fr\/wp-json\/wp\/v2\/product_cat?post=24014"},{"taxonomy":"product_tag","embeddable":true,"href":"https:\/\/slamaagricole.ma\/fr\/wp-json\/wp\/v2\/product_tag?post=24014"},{"taxonomy":"location","embeddable":true,"href":"https:\/\/slamaagricole.ma\/fr\/wp-json\/wp\/v2\/location?post=24014"}],"curies":[{"name":"wp","href":"https:\/\/api.w.org\/{rel}","templated":true}]}}