{"id":23995,"date":"2025-02-27T12:17:34","date_gmt":"2025-02-27T12:17:34","guid":{"rendered":"https:\/\/slamaagricole.ma\/?post_type=product&#038;p=23995"},"modified":"2025-02-27T12:26:04","modified_gmt":"2025-02-27T12:26:04","slug":"cannelle","status":"publish","type":"product","link":"https:\/\/slamaagricole.ma\/fr\/product\/cannelle\/","title":{"rendered":"Cannelle"},"content":{"rendered":"","protected":false},"excerpt":{"rendered":"<p>La cannelle est une \u00e9pice populaire obtenue \u00e0 partir de l&#8217;\u00e9corce de l&#8217;arbre \u00e0 cannelle. Elle est utilis\u00e9e en cuisine pour ajouter une saveur chaude et distinctive aux plats. La cannelle contient des antioxydants et poss\u00e8de plusieurs bienfaits pour la sant\u00e9, comme l&#8217;am\u00e9lioration des niveaux de sucre dans le sang et la promotion de la sant\u00e9 cardiaque. Elle est \u00e9galement utilis\u00e9e dans la pr\u00e9paration de boissons comme le th\u00e9 et le caf\u00e9, ainsi que dans les desserts comme les g\u00e2teaux et\u00a0les\u00a0biscuits.<\/p>\n","protected":false},"featured_media":24762,"comment_status":"open","ping_status":"closed","template":"","meta":{"om_disable_all_campaigns":false,"_monsterinsights_skip_tracking":false,"_monsterinsights_sitenote_active":false,"_monsterinsights_sitenote_note":"","_monsterinsights_sitenote_category":0,"iawp_total_views":38},"product_brand":[],"product_cat":[116,103],"product_tag":[148,147],"location":[],"class_list":{"0":"post-23995","1":"product","2":"type-product","3":"status-publish","4":"has-post-thumbnail","6":"product_cat-toutes-les-categories","7":"product_cat-epices","8":"product_tag-slama-fr","9":"product_tag-spice-fr","10":"nt-post-class","11":"","17":"first","18":"instock","19":"shipping-taxable","20":"purchasable","21":"product-type-variable","22":"has-default-attributes"},"_links":{"self":[{"href":"https:\/\/slamaagricole.ma\/fr\/wp-json\/wp\/v2\/product\/23995","targetHints":{"allow":["GET"]}}],"collection":[{"href":"https:\/\/slamaagricole.ma\/fr\/wp-json\/wp\/v2\/product"}],"about":[{"href":"https:\/\/slamaagricole.ma\/fr\/wp-json\/wp\/v2\/types\/product"}],"replies":[{"embeddable":true,"href":"https:\/\/slamaagricole.ma\/fr\/wp-json\/wp\/v2\/comments?post=23995"}],"version-history":[{"count":1,"href":"https:\/\/slamaagricole.ma\/fr\/wp-json\/wp\/v2\/product\/23995\/revisions"}],"predecessor-version":[{"id":23998,"href":"https:\/\/slamaagricole.ma\/fr\/wp-json\/wp\/v2\/product\/23995\/revisions\/23998"}],"wp:featuredmedia":[{"embeddable":true,"href":"https:\/\/slamaagricole.ma\/fr\/wp-json\/wp\/v2\/media\/24762"}],"wp:attachment":[{"href":"https:\/\/slamaagricole.ma\/fr\/wp-json\/wp\/v2\/media?parent=23995"}],"wp:term":[{"taxonomy":"product_brand","embeddable":true,"href":"https:\/\/slamaagricole.ma\/fr\/wp-json\/wp\/v2\/product_brand?post=23995"},{"taxonomy":"product_cat","embeddable":true,"href":"https:\/\/slamaagricole.ma\/fr\/wp-json\/wp\/v2\/product_cat?post=23995"},{"taxonomy":"product_tag","embeddable":true,"href":"https:\/\/slamaagricole.ma\/fr\/wp-json\/wp\/v2\/product_tag?post=23995"},{"taxonomy":"location","embeddable":true,"href":"https:\/\/slamaagricole.ma\/fr\/wp-json\/wp\/v2\/location?post=23995"}],"curies":[{"name":"wp","href":"https:\/\/api.w.org\/{rel}","templated":true}]}}