{"id":23976,"date":"2025-02-27T12:05:22","date_gmt":"2025-02-27T12:05:22","guid":{"rendered":"https:\/\/slamaagricole.ma\/?post_type=product&#038;p=23976"},"modified":"2025-05-24T16:38:28","modified_gmt":"2025-05-24T16:38:28","slug":"cumin_spice_slama","status":"publish","type":"product","link":"https:\/\/slamaagricole.ma\/fr\/product\/cumin_spice_slama\/","title":{"rendered":"Cumin"},"content":{"rendered":"","protected":false},"excerpt":{"rendered":"<p>Le cumin est une \u00e9pice largement utilis\u00e9e en cuisine. Il provient d&#8217;une plante appel\u00e9e Cuminum cyminum et se caract\u00e9rise par son ar\u00f4me et sa saveur uniques. Le cumin est utilis\u00e9 dans de nombreux plats, notamment dans des cuisines comme les soupes, les sauces, les viandes et les l\u00e9gumes. Le cumin est \u00e9galement consid\u00e9r\u00e9 comme ayant des bienfaits pour la sant\u00e9, car il aide \u00e0 la digestion et contient des\u00a0antioxydants.<\/p>\n","protected":false},"featured_media":24875,"comment_status":"open","ping_status":"closed","template":"","meta":{"om_disable_all_campaigns":false,"_monsterinsights_skip_tracking":false,"_monsterinsights_sitenote_active":false,"_monsterinsights_sitenote_note":"","_monsterinsights_sitenote_category":0,"iawp_total_views":51},"product_brand":[],"product_cat":[116,103],"product_tag":[146,148,147],"location":[],"class_list":{"0":"post-23976","1":"product","2":"type-product","3":"status-publish","4":"has-post-thumbnail","6":"product_cat-toutes-les-categories","7":"product_cat-epices","8":"product_tag-cumin-fr","9":"product_tag-slama-fr","10":"product_tag-spice-fr","11":"nt-post-class","12":"","18":"first","19":"instock","20":"shipping-taxable","21":"purchasable","22":"product-type-variable","23":"has-default-attributes"},"_links":{"self":[{"href":"https:\/\/slamaagricole.ma\/fr\/wp-json\/wp\/v2\/product\/23976","targetHints":{"allow":["GET"]}}],"collection":[{"href":"https:\/\/slamaagricole.ma\/fr\/wp-json\/wp\/v2\/product"}],"about":[{"href":"https:\/\/slamaagricole.ma\/fr\/wp-json\/wp\/v2\/types\/product"}],"replies":[{"embeddable":true,"href":"https:\/\/slamaagricole.ma\/fr\/wp-json\/wp\/v2\/comments?post=23976"}],"version-history":[{"count":1,"href":"https:\/\/slamaagricole.ma\/fr\/wp-json\/wp\/v2\/product\/23976\/revisions"}],"predecessor-version":[{"id":23979,"href":"https:\/\/slamaagricole.ma\/fr\/wp-json\/wp\/v2\/product\/23976\/revisions\/23979"}],"wp:featuredmedia":[{"embeddable":true,"href":"https:\/\/slamaagricole.ma\/fr\/wp-json\/wp\/v2\/media\/24875"}],"wp:attachment":[{"href":"https:\/\/slamaagricole.ma\/fr\/wp-json\/wp\/v2\/media?parent=23976"}],"wp:term":[{"taxonomy":"product_brand","embeddable":true,"href":"https:\/\/slamaagricole.ma\/fr\/wp-json\/wp\/v2\/product_brand?post=23976"},{"taxonomy":"product_cat","embeddable":true,"href":"https:\/\/slamaagricole.ma\/fr\/wp-json\/wp\/v2\/product_cat?post=23976"},{"taxonomy":"product_tag","embeddable":true,"href":"https:\/\/slamaagricole.ma\/fr\/wp-json\/wp\/v2\/product_tag?post=23976"},{"taxonomy":"location","embeddable":true,"href":"https:\/\/slamaagricole.ma\/fr\/wp-json\/wp\/v2\/location?post=23976"}],"curies":[{"name":"wp","href":"https:\/\/api.w.org\/{rel}","templated":true}]}}