{"id":23964,"date":"2025-02-26T21:00:42","date_gmt":"2025-02-26T21:00:42","guid":{"rendered":"https:\/\/slamaagricole.ma\/?post_type=product&#038;p=23964"},"modified":"2025-05-25T15:43:07","modified_gmt":"2025-05-25T15:43:07","slug":"corn_flour_slama","status":"publish","type":"product","link":"https:\/\/slamaagricole.ma\/fr\/product\/corn_flour_slama\/","title":{"rendered":"farine de ma\u00efs"},"content":{"rendered":"","protected":false},"excerpt":{"rendered":"<p>Slama vous propose de la farine de ma\u00efs, qui est une poudre obtenue en moulant des grains de ma\u00efs locaux. Elle est utilis\u00e9e en cuisine pour pr\u00e9parer une vari\u00e9t\u00e9 d&#8217;aliments tels que le pain, les g\u00e2teaux et les p\u00e2tisseries. La farine de ma\u00efs est sans gluten, ce qui en fait un choix appropri\u00e9 pour les personnes souffrant d&#8217;intol\u00e9rance au gluten. De plus, elle est riche en glucides, en fibres et en certaines vitamines, ce qui ajoute une valeur nutritionnelle\u00a0aux\u00a0repas.<\/p>\n","protected":false},"featured_media":24951,"comment_status":"open","ping_status":"closed","template":"","meta":{"om_disable_all_campaigns":false,"_monsterinsights_skip_tracking":false,"_monsterinsights_sitenote_active":false,"_monsterinsights_sitenote_note":"","_monsterinsights_sitenote_category":0,"iawp_total_views":63},"product_brand":[],"product_cat":[116,101],"product_tag":[191,179,148,178],"location":[],"class_list":{"0":"post-23964","1":"product","2":"type-product","3":"status-publish","4":"has-post-thumbnail","6":"product_cat-toutes-les-categories","7":"product_cat-zemita-farines","8":"product_tag-corn-fr","9":"product_tag-flour-fr","10":"product_tag-slama-fr","11":"product_tag-zemita-fr","12":"nt-post-class","13":"","19":"first","20":"instock","21":"shipping-taxable","22":"purchasable","23":"product-type-variable","24":"has-default-attributes"},"_links":{"self":[{"href":"https:\/\/slamaagricole.ma\/fr\/wp-json\/wp\/v2\/product\/23964","targetHints":{"allow":["GET"]}}],"collection":[{"href":"https:\/\/slamaagricole.ma\/fr\/wp-json\/wp\/v2\/product"}],"about":[{"href":"https:\/\/slamaagricole.ma\/fr\/wp-json\/wp\/v2\/types\/product"}],"replies":[{"embeddable":true,"href":"https:\/\/slamaagricole.ma\/fr\/wp-json\/wp\/v2\/comments?post=23964"}],"version-history":[{"count":5,"href":"https:\/\/slamaagricole.ma\/fr\/wp-json\/wp\/v2\/product\/23964\/revisions"}],"predecessor-version":[{"id":24960,"href":"https:\/\/slamaagricole.ma\/fr\/wp-json\/wp\/v2\/product\/23964\/revisions\/24960"}],"wp:featuredmedia":[{"embeddable":true,"href":"https:\/\/slamaagricole.ma\/fr\/wp-json\/wp\/v2\/media\/24951"}],"wp:attachment":[{"href":"https:\/\/slamaagricole.ma\/fr\/wp-json\/wp\/v2\/media?parent=23964"}],"wp:term":[{"taxonomy":"product_brand","embeddable":true,"href":"https:\/\/slamaagricole.ma\/fr\/wp-json\/wp\/v2\/product_brand?post=23964"},{"taxonomy":"product_cat","embeddable":true,"href":"https:\/\/slamaagricole.ma\/fr\/wp-json\/wp\/v2\/product_cat?post=23964"},{"taxonomy":"product_tag","embeddable":true,"href":"https:\/\/slamaagricole.ma\/fr\/wp-json\/wp\/v2\/product_tag?post=23964"},{"taxonomy":"location","embeddable":true,"href":"https:\/\/slamaagricole.ma\/fr\/wp-json\/wp\/v2\/location?post=23964"}],"curies":[{"name":"wp","href":"https:\/\/api.w.org\/{rel}","templated":true}]}}