{"id":23950,"date":"2025-02-26T20:49:55","date_gmt":"2025-02-26T20:49:55","guid":{"rendered":"https:\/\/slamaagricole.ma\/?post_type=product&#038;p=23950"},"modified":"2025-02-26T20:51:57","modified_gmt":"2025-02-26T20:51:57","slug":"gingembre","status":"publish","type":"product","link":"https:\/\/slamaagricole.ma\/fr\/product\/gingembre\/","title":{"rendered":"Gingembre"},"content":{"rendered":"","protected":false},"excerpt":{"rendered":"<p>Le gingembre est une plante racinaire utilis\u00e9e comme \u00e9pice et rem\u00e8de naturel. Il se distingue par sa saveur \u00e9pic\u00e9e et son ar\u00f4me puissant. Il est utilis\u00e9 en cuisine pour ajouter une saveur distinctive aux aliments et aux boissons. Il est \u00e9galement connu pour ses bienfaits pour la sant\u00e9, tels que l&#8217;am\u00e9lioration de la digestion, la r\u00e9duction des naus\u00e9es et le renforcement du syst\u00e8me immunitaire. Le gingembre est aussi employ\u00e9 en m\u00e9decine traditionnelle pour traiter les inflammations et soulager\u00a0la\u00a0douleur.<\/p>\n","protected":false},"featured_media":24823,"comment_status":"open","ping_status":"closed","template":"","meta":{"om_disable_all_campaigns":false,"_monsterinsights_skip_tracking":false,"_monsterinsights_sitenote_active":false,"_monsterinsights_sitenote_note":"","_monsterinsights_sitenote_category":0,"iawp_total_views":8},"product_brand":[],"product_cat":[116,103],"product_tag":[190,148,147],"location":[],"class_list":{"0":"post-23950","1":"product","2":"type-product","3":"status-publish","4":"has-post-thumbnail","6":"product_cat-toutes-les-categories","7":"product_cat-epices","8":"product_tag-ginger-fr","9":"product_tag-slama-fr","10":"product_tag-spice-fr","11":"nt-post-class","12":"","18":"first","19":"instock","20":"shipping-taxable","21":"purchasable","22":"product-type-variable","23":"has-default-attributes"},"_links":{"self":[{"href":"https:\/\/slamaagricole.ma\/fr\/wp-json\/wp\/v2\/product\/23950","targetHints":{"allow":["GET"]}}],"collection":[{"href":"https:\/\/slamaagricole.ma\/fr\/wp-json\/wp\/v2\/product"}],"about":[{"href":"https:\/\/slamaagricole.ma\/fr\/wp-json\/wp\/v2\/types\/product"}],"replies":[{"embeddable":true,"href":"https:\/\/slamaagricole.ma\/fr\/wp-json\/wp\/v2\/comments?post=23950"}],"version-history":[{"count":1,"href":"https:\/\/slamaagricole.ma\/fr\/wp-json\/wp\/v2\/product\/23950\/revisions"}],"predecessor-version":[{"id":23953,"href":"https:\/\/slamaagricole.ma\/fr\/wp-json\/wp\/v2\/product\/23950\/revisions\/23953"}],"wp:featuredmedia":[{"embeddable":true,"href":"https:\/\/slamaagricole.ma\/fr\/wp-json\/wp\/v2\/media\/24823"}],"wp:attachment":[{"href":"https:\/\/slamaagricole.ma\/fr\/wp-json\/wp\/v2\/media?parent=23950"}],"wp:term":[{"taxonomy":"product_brand","embeddable":true,"href":"https:\/\/slamaagricole.ma\/fr\/wp-json\/wp\/v2\/product_brand?post=23950"},{"taxonomy":"product_cat","embeddable":true,"href":"https:\/\/slamaagricole.ma\/fr\/wp-json\/wp\/v2\/product_cat?post=23950"},{"taxonomy":"product_tag","embeddable":true,"href":"https:\/\/slamaagricole.ma\/fr\/wp-json\/wp\/v2\/product_tag?post=23950"},{"taxonomy":"location","embeddable":true,"href":"https:\/\/slamaagricole.ma\/fr\/wp-json\/wp\/v2\/location?post=23950"}],"curies":[{"name":"wp","href":"https:\/\/api.w.org\/{rel}","templated":true}]}}