{"id":23931,"date":"2025-02-26T20:34:16","date_gmt":"2025-02-26T20:34:16","guid":{"rendered":"https:\/\/slamaagricole.ma\/?post_type=product&#038;p=23931"},"modified":"2025-05-25T14:32:14","modified_gmt":"2025-05-25T14:32:14","slug":"plack_pepper_slama","status":"publish","type":"product","link":"https:\/\/slamaagricole.ma\/fr\/product\/plack_pepper_slama\/","title":{"rendered":"poivre noir"},"content":{"rendered":"","protected":false},"excerpt":{"rendered":"<p>Le poivre noir est une \u00e9pice utilis\u00e9e dans le monde entier pour ajouter une saveur forte \u00e0 vos plats. Il est obtenu \u00e0 partir des fruits du poivrier noir, dont les petits fruits sont s\u00e9ch\u00e9s pour devenir les grains noirs connus. Il est utilis\u00e9 pour ajouter une saveur \u00e9pic\u00e9e aux aliments et aide \u00e0 la digestion. Il pr\u00e9sente de nombreux bienfaits pour la sant\u00e9, notamment en stimulant le m\u00e9tabolisme et en aidant \u00e0 l&#8217;absorption\u00a0des\u00a0nutriments.<\/p>\n","protected":false},"featured_media":24904,"comment_status":"open","ping_status":"closed","template":"","meta":{"om_disable_all_campaigns":false,"_monsterinsights_skip_tracking":false,"_monsterinsights_sitenote_active":false,"_monsterinsights_sitenote_note":"","_monsterinsights_sitenote_category":0,"iawp_total_views":13},"product_brand":[],"product_cat":[116,103],"product_tag":[148,147],"location":[],"class_list":{"0":"post-23931","1":"product","2":"type-product","3":"status-publish","4":"has-post-thumbnail","6":"product_cat-toutes-les-categories","7":"product_cat-epices","8":"product_tag-slama-fr","9":"product_tag-spice-fr","10":"nt-post-class","11":"","17":"first","18":"instock","19":"shipping-taxable","20":"purchasable","21":"product-type-variable","22":"has-default-attributes"},"_links":{"self":[{"href":"https:\/\/slamaagricole.ma\/fr\/wp-json\/wp\/v2\/product\/23931","targetHints":{"allow":["GET"]}}],"collection":[{"href":"https:\/\/slamaagricole.ma\/fr\/wp-json\/wp\/v2\/product"}],"about":[{"href":"https:\/\/slamaagricole.ma\/fr\/wp-json\/wp\/v2\/types\/product"}],"replies":[{"embeddable":true,"href":"https:\/\/slamaagricole.ma\/fr\/wp-json\/wp\/v2\/comments?post=23931"}],"version-history":[{"count":1,"href":"https:\/\/slamaagricole.ma\/fr\/wp-json\/wp\/v2\/product\/23931\/revisions"}],"predecessor-version":[{"id":23934,"href":"https:\/\/slamaagricole.ma\/fr\/wp-json\/wp\/v2\/product\/23931\/revisions\/23934"}],"wp:featuredmedia":[{"embeddable":true,"href":"https:\/\/slamaagricole.ma\/fr\/wp-json\/wp\/v2\/media\/24904"}],"wp:attachment":[{"href":"https:\/\/slamaagricole.ma\/fr\/wp-json\/wp\/v2\/media?parent=23931"}],"wp:term":[{"taxonomy":"product_brand","embeddable":true,"href":"https:\/\/slamaagricole.ma\/fr\/wp-json\/wp\/v2\/product_brand?post=23931"},{"taxonomy":"product_cat","embeddable":true,"href":"https:\/\/slamaagricole.ma\/fr\/wp-json\/wp\/v2\/product_cat?post=23931"},{"taxonomy":"product_tag","embeddable":true,"href":"https:\/\/slamaagricole.ma\/fr\/wp-json\/wp\/v2\/product_tag?post=23931"},{"taxonomy":"location","embeddable":true,"href":"https:\/\/slamaagricole.ma\/fr\/wp-json\/wp\/v2\/location?post=23931"}],"curies":[{"name":"wp","href":"https:\/\/api.w.org\/{rel}","templated":true}]}}