{"id":23881,"date":"2025-02-25T18:44:02","date_gmt":"2025-02-25T18:44:02","guid":{"rendered":"https:\/\/slamaagricole.ma\/?post_type=product&#038;p=23881"},"modified":"2025-05-26T17:47:53","modified_gmt":"2025-05-26T17:47:53","slug":"millet_flour_slama","status":"publish","type":"product","link":"https:\/\/slamaagricole.ma\/fr\/product\/millet_flour_slama\/","title":{"rendered":"Farine De Millet"},"content":{"rendered":"","protected":false},"excerpt":{"rendered":"<p>La farine de millet est un type de farine fabriqu\u00e9 \u00e0 partir de grains de millet, des petites c\u00e9r\u00e9ales sans gluten. Elle est utilis\u00e9e en cuisine pour pr\u00e9parer du pain, des g\u00e2teaux et des bouillies. Elle est consid\u00e9r\u00e9e comme une option saine car elle est riche en fibres et en min\u00e9raux tels que le fer et\u00a0le\u00a0magn\u00e9sium.<\/p>\n","protected":false},"featured_media":25152,"comment_status":"open","ping_status":"closed","template":"","meta":{"om_disable_all_campaigns":false,"_monsterinsights_skip_tracking":false,"_monsterinsights_sitenote_active":false,"_monsterinsights_sitenote_note":"","_monsterinsights_sitenote_category":0,"iawp_total_views":55},"product_brand":[],"product_cat":[116,101],"product_tag":[179,180,148,178],"location":[],"class_list":{"0":"post-23881","1":"product","2":"type-product","3":"status-publish","4":"has-post-thumbnail","6":"product_cat-toutes-les-categories","7":"product_cat-zemita-farines","8":"product_tag-flour-fr","9":"product_tag-millet-fr","10":"product_tag-slama-fr","11":"product_tag-zemita-fr","12":"nt-post-class","13":"","19":"first","20":"instock","21":"shipping-taxable","22":"purchasable","23":"product-type-variable"},"_links":{"self":[{"href":"https:\/\/slamaagricole.ma\/fr\/wp-json\/wp\/v2\/product\/23881","targetHints":{"allow":["GET"]}}],"collection":[{"href":"https:\/\/slamaagricole.ma\/fr\/wp-json\/wp\/v2\/product"}],"about":[{"href":"https:\/\/slamaagricole.ma\/fr\/wp-json\/wp\/v2\/types\/product"}],"replies":[{"embeddable":true,"href":"https:\/\/slamaagricole.ma\/fr\/wp-json\/wp\/v2\/comments?post=23881"}],"version-history":[{"count":2,"href":"https:\/\/slamaagricole.ma\/fr\/wp-json\/wp\/v2\/product\/23881\/revisions"}],"predecessor-version":[{"id":25160,"href":"https:\/\/slamaagricole.ma\/fr\/wp-json\/wp\/v2\/product\/23881\/revisions\/25160"}],"wp:featuredmedia":[{"embeddable":true,"href":"https:\/\/slamaagricole.ma\/fr\/wp-json\/wp\/v2\/media\/25152"}],"wp:attachment":[{"href":"https:\/\/slamaagricole.ma\/fr\/wp-json\/wp\/v2\/media?parent=23881"}],"wp:term":[{"taxonomy":"product_brand","embeddable":true,"href":"https:\/\/slamaagricole.ma\/fr\/wp-json\/wp\/v2\/product_brand?post=23881"},{"taxonomy":"product_cat","embeddable":true,"href":"https:\/\/slamaagricole.ma\/fr\/wp-json\/wp\/v2\/product_cat?post=23881"},{"taxonomy":"product_tag","embeddable":true,"href":"https:\/\/slamaagricole.ma\/fr\/wp-json\/wp\/v2\/product_tag?post=23881"},{"taxonomy":"location","embeddable":true,"href":"https:\/\/slamaagricole.ma\/fr\/wp-json\/wp\/v2\/location?post=23881"}],"curies":[{"name":"wp","href":"https:\/\/api.w.org\/{rel}","templated":true}]}}