{"id":23809,"date":"2025-02-25T17:30:11","date_gmt":"2025-02-25T17:30:11","guid":{"rendered":"https:\/\/slamaagricole.ma\/?post_type=product&#038;p=23809"},"modified":"2025-05-24T16:44:57","modified_gmt":"2025-05-24T16:44:57","slug":"fenouil","status":"publish","type":"product","link":"https:\/\/slamaagricole.ma\/fr\/product\/fenouil\/","title":{"rendered":"Fenouil"},"content":{"rendered":"","protected":false},"excerpt":{"rendered":"<p>Le fenouil est une plante aromatique dont les graines sont utilis\u00e9es comme \u00e9pice et ingr\u00e9dient en cuisine. Il a une saveur douce ressemblant \u00e0 la r\u00e9glisse et est utilis\u00e9 dans la pr\u00e9paration de plats, de boissons et de desserts. Il est \u00e9galement connu pour ses bienfaits pour la sant\u00e9, comme l&#8217;am\u00e9lioration de la digestion et le renforcement du syst\u00e8me\u00a0immunitaire.<\/p>\n","protected":false},"featured_media":24883,"comment_status":"open","ping_status":"closed","template":"","meta":{"om_disable_all_campaigns":false,"_monsterinsights_skip_tracking":false,"_monsterinsights_sitenote_active":false,"_monsterinsights_sitenote_note":"","_monsterinsights_sitenote_category":0,"iawp_total_views":132},"product_brand":[],"product_cat":[116,104],"product_tag":[156,148],"location":[],"class_list":{"0":"post-23809","1":"product","2":"type-product","3":"status-publish","4":"has-post-thumbnail","6":"product_cat-toutes-les-categories","7":"product_cat-les-graines","8":"product_tag-seeds-fr","9":"product_tag-slama-fr","10":"nt-post-class","11":"","17":"first","18":"instock","19":"shipping-taxable","20":"purchasable","21":"product-type-variable"},"_links":{"self":[{"href":"https:\/\/slamaagricole.ma\/fr\/wp-json\/wp\/v2\/product\/23809","targetHints":{"allow":["GET"]}}],"collection":[{"href":"https:\/\/slamaagricole.ma\/fr\/wp-json\/wp\/v2\/product"}],"about":[{"href":"https:\/\/slamaagricole.ma\/fr\/wp-json\/wp\/v2\/types\/product"}],"replies":[{"embeddable":true,"href":"https:\/\/slamaagricole.ma\/fr\/wp-json\/wp\/v2\/comments?post=23809"}],"version-history":[{"count":1,"href":"https:\/\/slamaagricole.ma\/fr\/wp-json\/wp\/v2\/product\/23809\/revisions"}],"predecessor-version":[{"id":23812,"href":"https:\/\/slamaagricole.ma\/fr\/wp-json\/wp\/v2\/product\/23809\/revisions\/23812"}],"wp:featuredmedia":[{"embeddable":true,"href":"https:\/\/slamaagricole.ma\/fr\/wp-json\/wp\/v2\/media\/24883"}],"wp:attachment":[{"href":"https:\/\/slamaagricole.ma\/fr\/wp-json\/wp\/v2\/media?parent=23809"}],"wp:term":[{"taxonomy":"product_brand","embeddable":true,"href":"https:\/\/slamaagricole.ma\/fr\/wp-json\/wp\/v2\/product_brand?post=23809"},{"taxonomy":"product_cat","embeddable":true,"href":"https:\/\/slamaagricole.ma\/fr\/wp-json\/wp\/v2\/product_cat?post=23809"},{"taxonomy":"product_tag","embeddable":true,"href":"https:\/\/slamaagricole.ma\/fr\/wp-json\/wp\/v2\/product_tag?post=23809"},{"taxonomy":"location","embeddable":true,"href":"https:\/\/slamaagricole.ma\/fr\/wp-json\/wp\/v2\/location?post=23809"}],"curies":[{"name":"wp","href":"https:\/\/api.w.org\/{rel}","templated":true}]}}