{"id":23794,"date":"2025-02-25T17:15:30","date_gmt":"2025-02-25T17:15:30","guid":{"rendered":"https:\/\/slamaagricole.ma\/?post_type=product&#038;p=23794"},"modified":"2026-03-21T18:43:26","modified_gmt":"2026-03-21T18:43:26","slug":"coffee_slama","status":"publish","type":"product","link":"https:\/\/slamaagricole.ma\/fr\/product\/coffee_slama\/","title":{"rendered":"caf\u00e9 marocain aromatis\u00e9"},"content":{"rendered":"","protected":false},"excerpt":{"rendered":"<p>Le caf\u00e9 marocain aromatis\u00e9 est une boisson traditionnelle pr\u00e9par\u00e9e en m\u00e9langeant des grains de caf\u00e9 avec un assortiment d&#8217;\u00e9pices parfum\u00e9es telles que la cannelle, le galanga, le gingembre, le poivre et l&#8217;anis \u00e9toil\u00e9. Ce m\u00e9lange se distingue par une saveur unique et r\u00e9confortante, tout en offrant des bienfaits pour la sant\u00e9, comme le renforcement du syst\u00e8me immunitaire et le soutien du bien-\u00eatre g\u00e9n\u00e9ral.<\/p>\n","protected":false},"featured_media":24779,"comment_status":"open","ping_status":"closed","template":"","meta":{"om_disable_all_campaigns":false,"_monsterinsights_skip_tracking":false,"_monsterinsights_sitenote_active":false,"_monsterinsights_sitenote_note":"","_monsterinsights_sitenote_category":0,"iawp_total_views":88},"product_brand":[],"product_cat":[116,110],"product_tag":[310,148],"location":[],"class_list":{"0":"post-23794","1":"product","2":"type-product","3":"status-publish","4":"has-post-thumbnail","6":"product_cat-toutes-les-categories","7":"product_cat-cafe","8":"product_tag-coffee-fr","9":"product_tag-slama-fr","10":"nt-post-class","11":"","17":"first","18":"instock","19":"shipping-taxable","20":"purchasable","21":"product-type-simple"},"_links":{"self":[{"href":"https:\/\/slamaagricole.ma\/fr\/wp-json\/wp\/v2\/product\/23794","targetHints":{"allow":["GET"]}}],"collection":[{"href":"https:\/\/slamaagricole.ma\/fr\/wp-json\/wp\/v2\/product"}],"about":[{"href":"https:\/\/slamaagricole.ma\/fr\/wp-json\/wp\/v2\/types\/product"}],"replies":[{"embeddable":true,"href":"https:\/\/slamaagricole.ma\/fr\/wp-json\/wp\/v2\/comments?post=23794"}],"version-history":[{"count":1,"href":"https:\/\/slamaagricole.ma\/fr\/wp-json\/wp\/v2\/product\/23794\/revisions"}],"predecessor-version":[{"id":23795,"href":"https:\/\/slamaagricole.ma\/fr\/wp-json\/wp\/v2\/product\/23794\/revisions\/23795"}],"wp:featuredmedia":[{"embeddable":true,"href":"https:\/\/slamaagricole.ma\/fr\/wp-json\/wp\/v2\/media\/24779"}],"wp:attachment":[{"href":"https:\/\/slamaagricole.ma\/fr\/wp-json\/wp\/v2\/media?parent=23794"}],"wp:term":[{"taxonomy":"product_brand","embeddable":true,"href":"https:\/\/slamaagricole.ma\/fr\/wp-json\/wp\/v2\/product_brand?post=23794"},{"taxonomy":"product_cat","embeddable":true,"href":"https:\/\/slamaagricole.ma\/fr\/wp-json\/wp\/v2\/product_cat?post=23794"},{"taxonomy":"product_tag","embeddable":true,"href":"https:\/\/slamaagricole.ma\/fr\/wp-json\/wp\/v2\/product_tag?post=23794"},{"taxonomy":"location","embeddable":true,"href":"https:\/\/slamaagricole.ma\/fr\/wp-json\/wp\/v2\/location?post=23794"}],"curies":[{"name":"wp","href":"https:\/\/api.w.org\/{rel}","templated":true}]}}