{"id":23159,"date":"2025-02-10T12:29:34","date_gmt":"2025-02-10T12:29:34","guid":{"rendered":"https:\/\/slamaagricole.ma\/politique-de-confidentialite\/"},"modified":"2025-02-19T11:11:45","modified_gmt":"2025-02-19T11:11:45","slug":"politique-de-confidentialite","status":"publish","type":"page","link":"https:\/\/slamaagricole.ma\/fr\/politique-de-confidentialite\/","title":{"rendered":"Politique de confidentialit\u00e9"},"content":{"rendered":"\n<h2 class=\"wp-block-heading\">Qui sommes-nous ?<\/h2>\n\n<p>Slama est une coop\u00e9rative marocaine fond\u00e9e en 2017, d\u00e9di\u00e9e \u00e0 la fourniture de produits alimentaires marocains de haute qualit\u00e9. Notre mission est de promouvoir des choix alimentaires sains tout en soutenant l&#8217;agriculture locale au Maroc. <\/p>\n\n<p>Nous sommes sp\u00e9cialis\u00e9s dans la production d&#8217;une gamme d&#8217;aliments marocains traditionnels, en utilisant uniquement les meilleurs ingr\u00e9dients. Nos produits sont 100 % naturels et exempts d&#8217;additifs nocifs, ce qui permet \u00e0 nos clients de d\u00e9guster des repas d\u00e9licieux et sains sans compromis sur le go\u00fbt ou la qualit\u00e9. <\/p>\n\n<p>Chez Slama, nous sommes fiers de notre engagement en mati\u00e8re de durabilit\u00e9 et de responsabilit\u00e9. Nous travaillons en \u00e9troite collaboration avec les agriculteurs et les producteurs locaux pour obtenir les ingr\u00e9dients les plus frais et de la meilleure qualit\u00e9, tout en minimisant notre impact sur l&#8217;environnement gr\u00e2ce \u00e0 des pratiques durables. <\/p>\n\n<p>Notre \u00e9quipe de chefs exp\u00e9riment\u00e9s et d&#8217;experts en alimentation est passionn\u00e9e par la cr\u00e9ation de saveurs marocaines authentiques qui sont \u00e0 la fois d\u00e9licieuses et nutritives. Que vous soyez un chef professionnel ou un cuisinier amateur, nos produits sont parfaits pour ajouter une touche de cuisine marocaine \u00e0 vos repas. <\/p>\n\n<h2 class=\"wp-block-heading\">Commentaires<\/h2>\n\n<p>Gr\u00e2ce \u00e0 vos commentaires sur notre site web et nos plateformes de m\u00e9dias sociaux, nous recueillons des informations qui nous permettent d&#8217;am\u00e9liorer continuellement nos services afin de mieux r\u00e9pondre \u00e0 vos pr\u00e9f\u00e9rences. Nous le faisons tout en maintenant l&#8217;authenticit\u00e9 et la qualit\u00e9 qui ont toujours \u00e9t\u00e9 nos valeurs fondamentales. <\/p>\n\n<h2 class=\"wp-block-heading\"><\/h2>\n\n<h2 class=\"wp-block-heading\">Cookies<\/h2>\n\n<p>Si vous laissez un commentaire sur notre site, vous pouvez accepter que votre nom, votre adresse \u00e9lectronique et votre site web soient enregistr\u00e9s dans des cookies. Ces cookies sont destin\u00e9s \u00e0 vous faciliter la t\u00e2che, de sorte que vous n&#8217;ayez pas \u00e0 fournir \u00e0 nouveau vos coordonn\u00e9es lorsque vous laissez un autre commentaire. Ces cookies ont une dur\u00e9e de vie d&#8217;un an.  <\/p>\n\n<p>Si vous visitez notre page de connexion, nous installerons un cookie temporaire pour d\u00e9terminer si votre navigateur accepte les cookies. Ce cookie ne contient aucune donn\u00e9e personnelle et est supprim\u00e9 lorsque vous fermez votre navigateur. <\/p>\n\n<p>Lorsque vous vous connectez, nous installons \u00e9galement plusieurs cookies pour enregistrer vos informations de connexion et vos choix d&#8217;affichage \u00e0 l&#8217;\u00e9cran. Les cookies de connexion ont une dur\u00e9e de vie de deux jours et les cookies d&#8217;options d&#8217;\u00e9cran ont une dur\u00e9e de vie d&#8217;un an. Si vous s\u00e9lectionnez l&#8217;option &#8220;Se souvenir de moi&#8221;, votre connexion sera conserv\u00e9e pendant deux semaines. Si vous vous d\u00e9connectez de votre compte, les cookies de connexion seront supprim\u00e9s.   <\/p>\n\n<p>Si vous modifiez ou publiez un article, un cookie suppl\u00e9mentaire sera enregistr\u00e9 dans votre navigateur. Ce cookie ne contient aucune donn\u00e9e personnelle et indique simplement l&#8217;identifiant de l&#8217;article que vous venez de modifier. Il expire apr\u00e8s 1 jour.  <\/p>\n\n<h2 class=\"wp-block-heading\">Contenu int\u00e9gr\u00e9 d&#8217;autres sites web<\/h2>\n\n<p>Les articles de ce site peuvent contenir du contenu int\u00e9gr\u00e9 (par exemple des vid\u00e9os, des images, des articles, etc.). Le contenu int\u00e9gr\u00e9 provenant d&#8217;autres sites web se comporte exactement de la m\u00eame mani\u00e8re que si le visiteur avait visit\u00e9 l&#8217;autre site web. <\/p>\n\n<p>Ces sites web peuvent collecter des donn\u00e9es vous concernant, utiliser des cookies, int\u00e9grer un suivi suppl\u00e9mentaire par des tiers et surveiller votre interaction avec ce contenu int\u00e9gr\u00e9, y compris votre interaction avec le contenu int\u00e9gr\u00e9 si vous avez un compte et que vous \u00eates connect\u00e9 \u00e0 ce site web.<\/p>\n\n<h2 class=\"wp-block-heading\">Avec qui partageons-nous vos donn\u00e9es ?<\/h2>\n\n<p>Si vous demandez une r\u00e9initialisation de votre mot de passe, votre adresse IP sera incluse dans l&#8217;e-mail de r\u00e9initialisation.<\/p>\n\n<h2 class=\"wp-block-heading\">Dur\u00e9e de conservation de vos donn\u00e9es<\/h2>\n\n<p>Si vous laissez un commentaire, celui-ci et ses m\u00e9tadonn\u00e9es sont conserv\u00e9s ind\u00e9finiment. Cela nous permet de reconna\u00eetre et d&#8217;approuver automatiquement les commentaires de suivi au lieu de les conserver dans une file d&#8217;attente de mod\u00e9ration. <\/p>\n\n<p>Pour les utilisateurs qui s&#8217;inscrivent sur notre site web (le cas \u00e9ch\u00e9ant), nous stockons \u00e9galement les informations personnelles qu&#8217;ils fournissent dans leur profil d&#8217;utilisateur. Tous les utilisateurs peuvent voir, modifier ou supprimer leurs informations personnelles \u00e0 tout moment (sauf qu&#8217;ils ne peuvent pas changer leur nom d&#8217;utilisateur). Les administrateurs du site web peuvent \u00e9galement consulter et modifier ces informations.  <\/p>\n\n<h2 class=\"wp-block-heading\">Quels sont vos droits sur vos donn\u00e9es ?<\/h2>\n\n<p>Si vous avez un compte sur ce site, ou si vous avez laiss\u00e9 des commentaires, vous pouvez demander \u00e0 recevoir un fichier export\u00e9 des donn\u00e9es personnelles que nous d\u00e9tenons \u00e0 votre sujet, y compris toutes les donn\u00e9es que vous nous avez fournies. Vous pouvez \u00e9galement nous demander d&#8217;effacer toutes les donn\u00e9es personnelles que nous d\u00e9tenons \u00e0 votre sujet. Cela n&#8217;inclut pas les donn\u00e9es que nous sommes oblig\u00e9s de conserver \u00e0 des fins administratives, juridiques ou de s\u00e9curit\u00e9.  <\/p>\n\n<h2 class=\"wp-block-heading\">O\u00f9 vos donn\u00e9es sont-elles envoy\u00e9es ?<\/h2>\n\n<p>Les commentaires des visiteurs peuvent \u00eatre v\u00e9rifi\u00e9s par un service automatis\u00e9 de d\u00e9tection des spams.<\/p>\n","protected":false},"excerpt":{"rendered":"<p>Qui sommes-nous ? Slama est une coop\u00e9rative marocaine fond\u00e9e en 2017, d\u00e9di\u00e9e \u00e0 la fourniture de produits alimentaires marocains de haute qualit\u00e9. Notre mission est de promouvoir des choix alimentaires sains tout en soutenant l&#8217;agriculture locale au Maroc. Nous sommes sp\u00e9cialis\u00e9s dans la production d&#8217;une gamme d&#8217;aliments marocains traditionnels, en utilisant uniquement les meilleurs ingr\u00e9dients&#8230;.<\/p>\n","protected":false},"author":1,"featured_media":0,"parent":0,"menu_order":0,"comment_status":"closed","ping_status":"open","template":"","meta":{"om_disable_all_campaigns":false,"_monsterinsights_skip_tracking":false,"_monsterinsights_sitenote_active":false,"_monsterinsights_sitenote_note":"","_monsterinsights_sitenote_category":0,"iawp_total_views":20,"footnotes":""},"class_list":{"0":"post-23159","1":"page","2":"type-page","3":"status-publish","4":"hentry","5":"nt-post-class","6":"","7":"thumb-none","9":"excerpt-none"},"_links":{"self":[{"href":"https:\/\/slamaagricole.ma\/fr\/wp-json\/wp\/v2\/pages\/23159","targetHints":{"allow":["GET"]}}],"collection":[{"href":"https:\/\/slamaagricole.ma\/fr\/wp-json\/wp\/v2\/pages"}],"about":[{"href":"https:\/\/slamaagricole.ma\/fr\/wp-json\/wp\/v2\/types\/page"}],"author":[{"embeddable":true,"href":"https:\/\/slamaagricole.ma\/fr\/wp-json\/wp\/v2\/users\/1"}],"replies":[{"embeddable":true,"href":"https:\/\/slamaagricole.ma\/fr\/wp-json\/wp\/v2\/comments?post=23159"}],"version-history":[{"count":1,"href":"https:\/\/slamaagricole.ma\/fr\/wp-json\/wp\/v2\/pages\/23159\/revisions"}],"predecessor-version":[{"id":23160,"href":"https:\/\/slamaagricole.ma\/fr\/wp-json\/wp\/v2\/pages\/23159\/revisions\/23160"}],"wp:attachment":[{"href":"https:\/\/slamaagricole.ma\/fr\/wp-json\/wp\/v2\/media?parent=23159"}],"curies":[{"name":"wp","href":"https:\/\/api.w.org\/{rel}","templated":true}]}}